
{"id":3212,"date":"2015-09-21T18:21:34","date_gmt":"2015-09-21T16:21:34","guid":{"rendered":"https:\/\/www.brickrknowledge.de\/?page_id=3212"},"modified":"2017-04-28T13:07:24","modified_gmt":"2017-04-28T11:07:24","slug":"startseite-it","status":"publish","type":"page","link":"https:\/\/brickrknowledge.de\/it\/","title":{"rendered":"ESPERIMENTI DI ELETTRONICA PER TUTTI"},"content":{"rendered":"<h3>Cos&#8217;\u00e8 Brick&#8217;R&#8217;knowledge?<\/h3>\n<p>Brick\u2019R\u2019Knowledge \u00e8 un sistema elettronico flessibile ed espandibile a piacere utile per imparare, insegnare, fare esperimenti e sviluppare nuove idee. Ogni mattoncino \u00e8 dotato di un connettore speciale: attraverso di esso \u00e8 possibile realizzare rapidamente dei circuiti, anche molto complessi. Inoltre si possono collegare i brick in accordo a differenti angolazioni; ogni brick contiene due contatti con messa a terra.<\/p>\n<p>Ogni circuito \u00e8 facilmente spiegabile e documentabile. Il sistema \u00e8 basato su un concetto open-source che ti d\u00e0 gli strumenti per creare i tuoi mattoncini e i tuoi esperimenti. Brick\u2019R\u2019Knowledge \u00e8 particolarmente adatto per prototipi e pu\u00f2 essere utilizzato nelle scuole, in centri di formazione professionale e universit\u00e0. Vogliamo invitare inoltre tutti i Makers all\u2019utilizzo dei nostri Brick.<\/p>\n<p>Ogni kit include un manuale con preziose spiegazioni e con esperimenti divisi in piccoli passi, illustrati attraverso grafici e immagini esplicative.<\/p>\n<p>Brick\u2019R\u2019Knowledge \u00e8 l\u2019ideale per esperimenti tecnici, facendo convergere contenuti educativi e sviluppo di idee innovative nel campo dell\u2019elettrotecnica.<\/p>\n<p>In un\u2019occhiata -&gt; Vantaggi dei Brick\u2019R\u2019Knowledge<\/p>\n<ul>\n<li>Possibilit\u00e0 di cambiare le componenti del circuito semplicemente cambiando i Bricks utilizzati;<\/li>\n<li>Facile illustrazione e condivisione dei corretti diagrammi di circuito realizzati attraverso foto delle creazioni;<\/li>\n<li>Sistema robusto e stabile di connessione grazie agli involucri in plastica che possono essere aperti e ai connettori ermafroditi con quattro poli che consentono inoltre di realizzare costruzioni tridimensionali;<\/li>\n<li>Circuiti sicuri grazie alla messa a terra<\/li>\n<li>Manuali didattici gi\u00e0 realizzati e nuovi progetti e idee che prendono forma grazie alla comunit\u00e0 che cresce ogni giorno di pi\u00f9<\/li>\n<\/ul>\n<p>&nbsp;<\/p>\n","protected":false},"excerpt":{"rendered":"<p>Cos&#8217;\u00e8 Brick&#8217;R&#8217;knowledge? Brick\u2019R\u2019Knowledge \u00e8 un sistema elettronico flessibile ed espandibile a piacere utile per imparare, insegnare, fare esperimenti e sviluppare nuove idee. Ogni mattoncino \u00e8 dotato di un connettore speciale: attraverso di esso \u00e8 possibile realizzare rapidamente dei circuiti, anche molto complessi. Inoltre si possono collegare i brick in accordo a differenti angolazioni; ogni brick [&hellip;]<\/p>\n","protected":false},"author":2,"featured_media":0,"parent":0,"menu_order":0,"comment_status":"open","ping_status":"open","template":"page_index.php","meta":{"footnotes":""},"categories":[],"tags":[],"class_list":["post-3212","page","type-page","status-publish","hentry"],"yoast_head":"<!-- This site is optimized with the Yoast SEO plugin v23.3 - https:\/\/yoast.com\/wordpress\/plugins\/seo\/ -->\n<title>ESPERIMENTI DI ELETTRONICA PER TUTTI - Brick&#039;R&#039;knowledge<\/title>\n<meta name=\"robots\" content=\"index, follow, max-snippet:-1, max-image-preview:large, max-video-preview:-1\" \/>\n<link rel=\"canonical\" href=\"https:\/\/brickrknowledge.de\/it\/\" \/>\n<meta property=\"og:locale\" content=\"it_IT\" \/>\n<meta property=\"og:type\" content=\"article\" \/>\n<meta property=\"og:title\" content=\"ESPERIMENTI DI ELETTRONICA PER TUTTI - Brick&#039;R&#039;knowledge\" \/>\n<meta property=\"og:description\" content=\"Cos&#8217;\u00e8 Brick&#8217;R&#8217;knowledge? Brick\u2019R\u2019Knowledge \u00e8 un sistema elettronico flessibile ed espandibile a piacere utile per imparare, insegnare, fare esperimenti e sviluppare nuove idee. Ogni mattoncino \u00e8 dotato di un connettore speciale: attraverso di esso \u00e8 possibile realizzare rapidamente dei circuiti, anche molto complessi. Inoltre si possono collegare i brick in accordo a differenti angolazioni; ogni brick [&hellip;]\" \/>\n<meta property=\"og:url\" content=\"https:\/\/brickrknowledge.de\/it\/\" \/>\n<meta property=\"og:site_name\" content=\"Brick&#039;R&#039;knowledge\" \/>\n<meta property=\"article:publisher\" content=\"https:\/\/www.facebook.com\/BrickRknowledge\" \/>\n<meta property=\"article:modified_time\" content=\"2017-04-28T11:07:24+00:00\" \/>\n<meta name=\"twitter:card\" content=\"summary_large_image\" \/>\n<meta name=\"twitter:site\" content=\"@brickrknowledge\" \/>\n<meta name=\"twitter:label1\" content=\"Est. reading time\" \/>\n\t<meta name=\"twitter:data1\" content=\"1 minute\" \/>\n<script type=\"application\/ld+json\" class=\"yoast-schema-graph\">{\"@context\":\"https:\/\/schema.org\",\"@graph\":[{\"@type\":\"WebPage\",\"@id\":\"https:\/\/brickrknowledge.de\/it\/\",\"url\":\"https:\/\/brickrknowledge.de\/it\/\",\"name\":\"ESPERIMENTI DI ELETTRONICA PER TUTTI - Brick&#039;R&#039;knowledge\",\"isPartOf\":{\"@id\":\"https:\/\/brickrknowledge.de\/zh-hans\/#website\"},\"datePublished\":\"2015-09-21T16:21:34+00:00\",\"dateModified\":\"2017-04-28T11:07:24+00:00\",\"breadcrumb\":{\"@id\":\"https:\/\/brickrknowledge.de\/it\/#breadcrumb\"},\"inLanguage\":\"it-IT\",\"potentialAction\":[{\"@type\":\"ReadAction\",\"target\":[\"https:\/\/brickrknowledge.de\/it\/\"]}]},{\"@type\":\"BreadcrumbList\",\"@id\":\"https:\/\/brickrknowledge.de\/it\/#breadcrumb\",\"itemListElement\":[{\"@type\":\"ListItem\",\"position\":1,\"name\":\"Home\",\"item\":\"https:\/\/brickrknowledge.de\/it\/\"},{\"@type\":\"ListItem\",\"position\":2,\"name\":\"ESPERIMENTI DI ELETTRONICA PER TUTTI\"}]},{\"@type\":\"WebSite\",\"@id\":\"https:\/\/brickrknowledge.de\/zh-hans\/#website\",\"url\":\"https:\/\/brickrknowledge.de\/zh-hans\/\",\"name\":\"Brick&#039;R&#039;knowledge\",\"description\":\"\",\"potentialAction\":[{\"@type\":\"SearchAction\",\"target\":{\"@type\":\"EntryPoint\",\"urlTemplate\":\"https:\/\/brickrknowledge.de\/zh-hans\/?s={search_term_string}\"},\"query-input\":\"required name=search_term_string\"}],\"inLanguage\":\"it-IT\"}]}<\/script>\n<!-- \/ Yoast SEO plugin. -->","yoast_head_json":{"title":"ESPERIMENTI DI ELETTRONICA PER TUTTI - Brick&#039;R&#039;knowledge","robots":{"index":"index","follow":"follow","max-snippet":"max-snippet:-1","max-image-preview":"max-image-preview:large","max-video-preview":"max-video-preview:-1"},"canonical":"https:\/\/brickrknowledge.de\/it\/","og_locale":"it_IT","og_type":"article","og_title":"ESPERIMENTI DI ELETTRONICA PER TUTTI - Brick&#039;R&#039;knowledge","og_description":"Cos&#8217;\u00e8 Brick&#8217;R&#8217;knowledge? Brick\u2019R\u2019Knowledge \u00e8 un sistema elettronico flessibile ed espandibile a piacere utile per imparare, insegnare, fare esperimenti e sviluppare nuove idee. Ogni mattoncino \u00e8 dotato di un connettore speciale: attraverso di esso \u00e8 possibile realizzare rapidamente dei circuiti, anche molto complessi. Inoltre si possono collegare i brick in accordo a differenti angolazioni; ogni brick [&hellip;]","og_url":"https:\/\/brickrknowledge.de\/it\/","og_site_name":"Brick&#039;R&#039;knowledge","article_publisher":"https:\/\/www.facebook.com\/BrickRknowledge","article_modified_time":"2017-04-28T11:07:24+00:00","twitter_card":"summary_large_image","twitter_site":"@brickrknowledge","twitter_misc":{"Est. reading time":"1 minute"},"schema":{"@context":"https:\/\/schema.org","@graph":[{"@type":"WebPage","@id":"https:\/\/brickrknowledge.de\/it\/","url":"https:\/\/brickrknowledge.de\/it\/","name":"ESPERIMENTI DI ELETTRONICA PER TUTTI - Brick&#039;R&#039;knowledge","isPartOf":{"@id":"https:\/\/brickrknowledge.de\/zh-hans\/#website"},"datePublished":"2015-09-21T16:21:34+00:00","dateModified":"2017-04-28T11:07:24+00:00","breadcrumb":{"@id":"https:\/\/brickrknowledge.de\/it\/#breadcrumb"},"inLanguage":"it-IT","potentialAction":[{"@type":"ReadAction","target":["https:\/\/brickrknowledge.de\/it\/"]}]},{"@type":"BreadcrumbList","@id":"https:\/\/brickrknowledge.de\/it\/#breadcrumb","itemListElement":[{"@type":"ListItem","position":1,"name":"Home","item":"https:\/\/brickrknowledge.de\/it\/"},{"@type":"ListItem","position":2,"name":"ESPERIMENTI DI ELETTRONICA PER TUTTI"}]},{"@type":"WebSite","@id":"https:\/\/brickrknowledge.de\/zh-hans\/#website","url":"https:\/\/brickrknowledge.de\/zh-hans\/","name":"Brick&#039;R&#039;knowledge","description":"","potentialAction":[{"@type":"SearchAction","target":{"@type":"EntryPoint","urlTemplate":"https:\/\/brickrknowledge.de\/zh-hans\/?s={search_term_string}"},"query-input":"required name=search_term_string"}],"inLanguage":"it-IT"}]}},"_links":{"self":[{"href":"https:\/\/brickrknowledge.de\/it\/wp-json\/wp\/v2\/pages\/3212"}],"collection":[{"href":"https:\/\/brickrknowledge.de\/it\/wp-json\/wp\/v2\/pages"}],"about":[{"href":"https:\/\/brickrknowledge.de\/it\/wp-json\/wp\/v2\/types\/page"}],"author":[{"embeddable":true,"href":"https:\/\/brickrknowledge.de\/it\/wp-json\/wp\/v2\/users\/2"}],"replies":[{"embeddable":true,"href":"https:\/\/brickrknowledge.de\/it\/wp-json\/wp\/v2\/comments?post=3212"}],"version-history":[{"count":0,"href":"https:\/\/brickrknowledge.de\/it\/wp-json\/wp\/v2\/pages\/3212\/revisions"}],"wp:attachment":[{"href":"https:\/\/brickrknowledge.de\/it\/wp-json\/wp\/v2\/media?parent=3212"}],"wp:term":[{"taxonomy":"category","embeddable":true,"href":"https:\/\/brickrknowledge.de\/it\/wp-json\/wp\/v2\/categories?post=3212"},{"taxonomy":"post_tag","embeddable":true,"href":"https:\/\/brickrknowledge.de\/it\/wp-json\/wp\/v2\/tags?post=3212"}],"curies":[{"name":"wp","href":"https:\/\/api.w.org\/{rel}","templated":true}]}}