
{"id":15211,"date":"2017-05-10T18:25:35","date_gmt":"2017-05-10T16:25:35","guid":{"rendered":"https:\/\/www.brickrknowledge.de\/?page_id=15211\/"},"modified":"2017-07-27T14:03:52","modified_gmt":"2017-07-27T12:03:52","slug":"guarderia-parvulario","status":"publish","type":"page","link":"https:\/\/brickrknowledge.de\/es\/educacion\/guarderia-parvulario\/","title":{"rendered":"Guarder\u00eda (Parvulario)"},"content":{"rendered":"<h4><strong>Temas Brick\u2019R\u2019knowledge para guarder\u00edas<\/strong><\/h4>\n<p>Para las guarder\u00edas recomendamos el Set 7 Color Light por el tema de la luz, los colores, los n\u00fameros y la construcci\u00f3n. As\u00ed los m\u00e1s peque\u00f1os pueden dar sus primeros pasos en consturcci\u00f3n 3D creativas, a parte de aprender los colores y n\u00fameros.<\/p>\n<p>Sets recomendados<\/p>\n<table style=\"height: 241px;\" width=\"717\">\n<tbody>\n<tr>\n<td width=\"122\"><a href=\"https:\/\/brickrknowledge.de\/sets\/luminous\/7-color-light-set\/\">Set 7 Color Light<\/a><a href=\"https:\/\/brickrknowledge.de\/sets\/luminous\/7-color-light-set\/\"><img loading=\"lazy\" decoding=\"async\" class=\"alignnone wp-image-14281\" src=\"https:\/\/www.brickrknowledge.de\/content\/uploads\/2017\/02\/7_color_light_set-300x222.jpg\" alt=\"7_color_light_set\" width=\"150\" height=\"111\" srcset=\"https:\/\/brickrknowledge.de\/content\/uploads\/2017\/02\/7_color_light_set-300x222.jpg 300w, https:\/\/brickrknowledge.de\/content\/uploads\/2017\/02\/7_color_light_set-768x569.jpg 768w, https:\/\/brickrknowledge.de\/content\/uploads\/2017\/02\/7_color_light_set-1024x758.jpg 1024w, https:\/\/brickrknowledge.de\/content\/uploads\/2017\/02\/7_color_light_set-600x444.jpg 600w, https:\/\/brickrknowledge.de\/content\/uploads\/2017\/02\/7_color_light_set-432x320.jpg 432w, https:\/\/brickrknowledge.de\/content\/uploads\/2017\/02\/7_color_light_set-446x330.jpg 446w, https:\/\/brickrknowledge.de\/content\/uploads\/2017\/02\/7_color_light_set.jpg 1155w\" sizes=\"(max-width: 150px) 100vw, 150px\" \/><\/a><\/td>\n<td style=\"text-align: justify;\" width=\"290\">El Set 7 Color Light cumple lo que promete: Contiene 28 Bricks en 7 colores diferentes para ser conectados y crear propios acentos de luz. Los Bricks LED est\u00e1n disponibles en los siguientes colores: rojo, amarillo, azul, naranja, violeta, verde y blanco c\u00e1lido. Se puede construir por ejemplo su propia l\u00e1mpara de mesilla, ya que los Bricks no s\u00f3lo se conectan de forma plana, sino que tambi\u00e9n se puede crear verticalmente una superficie 3D. Los ni\u00f1os pueden aprender jugando los colores con nuestro sistema de luz. Debido a que los Bricks son muy robustos, tambi\u00e9n son apropiados para que juegen ni\u00f1os peque\u00f1os y as\u00ed mejorar su motricidad conectando las piezas. NOTA: Por los LEDs del Set 7 Color Light pasa tierra y por eso no se pueden utilizar como LEDs cl\u00e1sicos en los circuitos descritos en los manuales.<\/td>\n<\/tr>\n<\/tbody>\n<\/table>\n<p>&nbsp;<\/p>\n","protected":false},"excerpt":{"rendered":"<p>Temas Brick\u2019R\u2019knowledge para guarder\u00edas Para las guarder\u00edas recomendamos el Set 7 Color Light por el tema de la luz, los colores, los n\u00fameros y la construcci\u00f3n. As\u00ed los m\u00e1s peque\u00f1os pueden dar sus primeros pasos en consturcci\u00f3n 3D creativas, a parte de aprender los colores y n\u00fameros. Sets recomendados Set 7 Color Light El Set [&hellip;]<\/p>\n","protected":false},"author":2,"featured_media":0,"parent":15219,"menu_order":0,"comment_status":"closed","ping_status":"closed","template":"","meta":{"footnotes":""},"categories":[],"tags":[],"class_list":["post-15211","page","type-page","status-publish","hentry"],"yoast_head":"<!-- This site is optimized with the Yoast SEO plugin v23.3 - https:\/\/yoast.com\/wordpress\/plugins\/seo\/ -->\n<title>Guarder\u00eda (Parvulario) - Brick&#039;R&#039;knowledge<\/title>\n<meta name=\"robots\" content=\"index, follow, max-snippet:-1, max-image-preview:large, max-video-preview:-1\" \/>\n<link rel=\"canonical\" href=\"https:\/\/wiki.brickrknowledge.eu\/es\/educacion\/guarderia-parvulario\/\" \/>\n<meta property=\"og:locale\" content=\"es_ES\" \/>\n<meta property=\"og:type\" content=\"article\" \/>\n<meta property=\"og:title\" content=\"Guarder\u00eda (Parvulario) - Brick&#039;R&#039;knowledge\" \/>\n<meta property=\"og:description\" content=\"Temas Brick\u2019R\u2019knowledge para guarder\u00edas Para las guarder\u00edas recomendamos el Set 7 Color Light por el tema de la luz, los colores, los n\u00fameros y la construcci\u00f3n. As\u00ed los m\u00e1s peque\u00f1os pueden dar sus primeros pasos en consturcci\u00f3n 3D creativas, a parte de aprender los colores y n\u00fameros. Sets recomendados Set 7 Color Light El Set [&hellip;]\" \/>\n<meta property=\"og:url\" content=\"https:\/\/wiki.brickrknowledge.eu\/es\/educacion\/guarderia-parvulario\/\" \/>\n<meta property=\"og:site_name\" content=\"Brick&#039;R&#039;knowledge\" \/>\n<meta property=\"article:publisher\" content=\"https:\/\/www.facebook.com\/BrickRknowledge\" \/>\n<meta property=\"article:modified_time\" content=\"2017-07-27T12:03:52+00:00\" \/>\n<meta property=\"og:image\" content=\"https:\/\/www.brickrknowledge.de\/content\/uploads\/2017\/02\/7_color_light_set-300x222.jpg\" \/>\n<meta name=\"twitter:card\" content=\"summary_large_image\" \/>\n<meta name=\"twitter:site\" content=\"@brickrknowledge\" \/>\n<meta name=\"twitter:label1\" content=\"Est. reading time\" \/>\n\t<meta name=\"twitter:data1\" content=\"1 minute\" \/>\n<script type=\"application\/ld+json\" class=\"yoast-schema-graph\">{\"@context\":\"https:\/\/schema.org\",\"@graph\":[{\"@type\":\"WebPage\",\"@id\":\"https:\/\/wiki.brickrknowledge.eu\/es\/educacion\/guarderia-parvulario\/\",\"url\":\"https:\/\/wiki.brickrknowledge.eu\/es\/educacion\/guarderia-parvulario\/\",\"name\":\"Guarder\u00eda (Parvulario) - Brick&#039;R&#039;knowledge\",\"isPartOf\":{\"@id\":\"https:\/\/brickrknowledge.de\/zh-hans\/#website\"},\"primaryImageOfPage\":{\"@id\":\"https:\/\/wiki.brickrknowledge.eu\/es\/educacion\/guarderia-parvulario\/#primaryimage\"},\"image\":{\"@id\":\"https:\/\/wiki.brickrknowledge.eu\/es\/educacion\/guarderia-parvulario\/#primaryimage\"},\"thumbnailUrl\":\"https:\/\/www.brickrknowledge.de\/content\/uploads\/2017\/02\/7_color_light_set-300x222.jpg\",\"datePublished\":\"2017-05-10T16:25:35+00:00\",\"dateModified\":\"2017-07-27T12:03:52+00:00\",\"breadcrumb\":{\"@id\":\"https:\/\/wiki.brickrknowledge.eu\/es\/educacion\/guarderia-parvulario\/#breadcrumb\"},\"inLanguage\":\"es-ES\",\"potentialAction\":[{\"@type\":\"ReadAction\",\"target\":[\"https:\/\/wiki.brickrknowledge.eu\/es\/educacion\/guarderia-parvulario\/\"]}]},{\"@type\":\"ImageObject\",\"inLanguage\":\"es-ES\",\"@id\":\"https:\/\/wiki.brickrknowledge.eu\/es\/educacion\/guarderia-parvulario\/#primaryimage\",\"url\":\"https:\/\/www.brickrknowledge.de\/content\/uploads\/2017\/02\/7_color_light_set-300x222.jpg\",\"contentUrl\":\"https:\/\/www.brickrknowledge.de\/content\/uploads\/2017\/02\/7_color_light_set-300x222.jpg\"},{\"@type\":\"BreadcrumbList\",\"@id\":\"https:\/\/wiki.brickrknowledge.eu\/es\/educacion\/guarderia-parvulario\/#breadcrumb\",\"itemListElement\":[{\"@type\":\"ListItem\",\"position\":1,\"name\":\"Home\",\"item\":\"https:\/\/forum.brickrknowledge.eu\/es\/\"},{\"@type\":\"ListItem\",\"position\":2,\"name\":\"Educaci\u00f3n\",\"item\":\"https:\/\/forum.brickrknowledge.com\/es\/educacion\/\"},{\"@type\":\"ListItem\",\"position\":3,\"name\":\"Guarder\u00eda (Parvulario)\"}]},{\"@type\":\"WebSite\",\"@id\":\"https:\/\/brickrknowledge.de\/zh-hans\/#website\",\"url\":\"https:\/\/brickrknowledge.de\/zh-hans\/\",\"name\":\"Brick&#039;R&#039;knowledge\",\"description\":\"\",\"potentialAction\":[{\"@type\":\"SearchAction\",\"target\":{\"@type\":\"EntryPoint\",\"urlTemplate\":\"https:\/\/brickrknowledge.de\/zh-hans\/?s={search_term_string}\"},\"query-input\":\"required name=search_term_string\"}],\"inLanguage\":\"es-ES\"}]}<\/script>\n<!-- \/ Yoast SEO plugin. -->","yoast_head_json":{"title":"Guarder\u00eda (Parvulario) - Brick&#039;R&#039;knowledge","robots":{"index":"index","follow":"follow","max-snippet":"max-snippet:-1","max-image-preview":"max-image-preview:large","max-video-preview":"max-video-preview:-1"},"canonical":"https:\/\/wiki.brickrknowledge.eu\/es\/educacion\/guarderia-parvulario\/","og_locale":"es_ES","og_type":"article","og_title":"Guarder\u00eda (Parvulario) - Brick&#039;R&#039;knowledge","og_description":"Temas Brick\u2019R\u2019knowledge para guarder\u00edas Para las guarder\u00edas recomendamos el Set 7 Color Light por el tema de la luz, los colores, los n\u00fameros y la construcci\u00f3n. As\u00ed los m\u00e1s peque\u00f1os pueden dar sus primeros pasos en consturcci\u00f3n 3D creativas, a parte de aprender los colores y n\u00fameros. Sets recomendados Set 7 Color Light El Set [&hellip;]","og_url":"https:\/\/wiki.brickrknowledge.eu\/es\/educacion\/guarderia-parvulario\/","og_site_name":"Brick&#039;R&#039;knowledge","article_publisher":"https:\/\/www.facebook.com\/BrickRknowledge","article_modified_time":"2017-07-27T12:03:52+00:00","og_image":[{"url":"https:\/\/www.brickrknowledge.de\/content\/uploads\/2017\/02\/7_color_light_set-300x222.jpg"}],"twitter_card":"summary_large_image","twitter_site":"@brickrknowledge","twitter_misc":{"Est. reading time":"1 minute"},"schema":{"@context":"https:\/\/schema.org","@graph":[{"@type":"WebPage","@id":"https:\/\/wiki.brickrknowledge.eu\/es\/educacion\/guarderia-parvulario\/","url":"https:\/\/wiki.brickrknowledge.eu\/es\/educacion\/guarderia-parvulario\/","name":"Guarder\u00eda (Parvulario) - Brick&#039;R&#039;knowledge","isPartOf":{"@id":"https:\/\/brickrknowledge.de\/zh-hans\/#website"},"primaryImageOfPage":{"@id":"https:\/\/wiki.brickrknowledge.eu\/es\/educacion\/guarderia-parvulario\/#primaryimage"},"image":{"@id":"https:\/\/wiki.brickrknowledge.eu\/es\/educacion\/guarderia-parvulario\/#primaryimage"},"thumbnailUrl":"https:\/\/www.brickrknowledge.de\/content\/uploads\/2017\/02\/7_color_light_set-300x222.jpg","datePublished":"2017-05-10T16:25:35+00:00","dateModified":"2017-07-27T12:03:52+00:00","breadcrumb":{"@id":"https:\/\/wiki.brickrknowledge.eu\/es\/educacion\/guarderia-parvulario\/#breadcrumb"},"inLanguage":"es-ES","potentialAction":[{"@type":"ReadAction","target":["https:\/\/wiki.brickrknowledge.eu\/es\/educacion\/guarderia-parvulario\/"]}]},{"@type":"ImageObject","inLanguage":"es-ES","@id":"https:\/\/wiki.brickrknowledge.eu\/es\/educacion\/guarderia-parvulario\/#primaryimage","url":"https:\/\/www.brickrknowledge.de\/content\/uploads\/2017\/02\/7_color_light_set-300x222.jpg","contentUrl":"https:\/\/www.brickrknowledge.de\/content\/uploads\/2017\/02\/7_color_light_set-300x222.jpg"},{"@type":"BreadcrumbList","@id":"https:\/\/wiki.brickrknowledge.eu\/es\/educacion\/guarderia-parvulario\/#breadcrumb","itemListElement":[{"@type":"ListItem","position":1,"name":"Home","item":"https:\/\/forum.brickrknowledge.eu\/es\/"},{"@type":"ListItem","position":2,"name":"Educaci\u00f3n","item":"https:\/\/forum.brickrknowledge.com\/es\/educacion\/"},{"@type":"ListItem","position":3,"name":"Guarder\u00eda (Parvulario)"}]},{"@type":"WebSite","@id":"https:\/\/brickrknowledge.de\/zh-hans\/#website","url":"https:\/\/brickrknowledge.de\/zh-hans\/","name":"Brick&#039;R&#039;knowledge","description":"","potentialAction":[{"@type":"SearchAction","target":{"@type":"EntryPoint","urlTemplate":"https:\/\/brickrknowledge.de\/zh-hans\/?s={search_term_string}"},"query-input":"required name=search_term_string"}],"inLanguage":"es-ES"}]}},"_links":{"self":[{"href":"https:\/\/brickrknowledge.de\/es\/wp-json\/wp\/v2\/pages\/15211"}],"collection":[{"href":"https:\/\/brickrknowledge.de\/es\/wp-json\/wp\/v2\/pages"}],"about":[{"href":"https:\/\/brickrknowledge.de\/es\/wp-json\/wp\/v2\/types\/page"}],"author":[{"embeddable":true,"href":"https:\/\/brickrknowledge.de\/es\/wp-json\/wp\/v2\/users\/2"}],"replies":[{"embeddable":true,"href":"https:\/\/brickrknowledge.de\/es\/wp-json\/wp\/v2\/comments?post=15211"}],"version-history":[{"count":0,"href":"https:\/\/brickrknowledge.de\/es\/wp-json\/wp\/v2\/pages\/15211\/revisions"}],"up":[{"embeddable":true,"href":"https:\/\/brickrknowledge.de\/es\/wp-json\/wp\/v2\/pages\/15219"}],"wp:attachment":[{"href":"https:\/\/brickrknowledge.de\/es\/wp-json\/wp\/v2\/media?parent=15211"}],"wp:term":[{"taxonomy":"category","embeddable":true,"href":"https:\/\/brickrknowledge.de\/es\/wp-json\/wp\/v2\/categories?post=15211"},{"taxonomy":"post_tag","embeddable":true,"href":"https:\/\/brickrknowledge.de\/es\/wp-json\/wp\/v2\/tags?post=15211"}],"curies":[{"name":"wp","href":"https:\/\/api.w.org\/{rel}","templated":true}]}}