
{"id":12263,"date":"2016-08-31T11:17:02","date_gmt":"2016-08-31T09:17:02","guid":{"rendered":"https:\/\/www.brickrknowledge.de\/es\/?page_id=12263"},"modified":"2017-05-10T15:14:45","modified_gmt":"2017-05-10T13:14:45","slug":"experimentos-de-electronica-para-grandes-pequenos","status":"publish","type":"page","link":"https:\/\/brickrknowledge.de\/es\/","title":{"rendered":"Experimentos de electr\u00f3nica para grandes &#038; peque\u00f1os"},"content":{"rendered":"<h2>Sobre Brick\u2019R\u2019knowledge<\/h2>\n<p>Brick\u2019R\u2018knowledge es un sistema electr\u00f3nico flexible y ampliable seg\u00fan desee para aprender y ense\u00f1ar, experimentar y desarrollar. La particularidad de nuestro set electr\u00f3nico es que los diferentes Bricks se pueden interconectar f\u00e1cilmente. As\u00ed tambi\u00e9n se pueden realizar circuitos complejos de manera sencilla y r\u00e1pida.<\/p>\n<p>Adem\u00e1s es posible <a href=\"https:\/\/brickrknowledge.de\/downloads\/\">montar <\/a>sin problemas los componentes en diferentes \u00e1ngulos. Para el retorno de voltio (tierra) tiene disponible dos contactos, lo que permite el montaje de circuitos compactos. Otra particularidad es que cada circuito se puede explicar y documentar de manera muy sencilla. Dado que todo est\u00e1 basado en c\u00f3digo abierto (Open Source) se puede formar parte del proyecto y aportar as\u00ed nuevas ideas. Brick&#8217;R&#8217;knowledge es adecuado para la construcci\u00f3n de prototipos, as\u00ed como para su uso en <a href=\"https:\/\/brickrknowledge.de\/education\/\">escuelas<\/a>, la <a href=\"https:\/\/brickrknowledge.de\/education\/\">formaci\u00f3n profesional<\/a> y en estudios universitarios. Y por supuesto nuestros Bricks tambi\u00e9n est\u00e1n pensados para todos los &#8220;<a href=\"https:\/\/brickrknowledge.de\/sets\/diy\/\">Makers<\/a>&#8221; entre vosotros.<\/p>\n<p>Los manuales extensos de cada uno de los Sets contienen descripciones de los Bricks respectivos y explican cada experimiento en pasos simples utilizando gr\u00e1ficos e im\u00e1genes claras. Los <a href=\"https:\/\/brickrknowledge.de\/sets\/\">Sets de Brick\u2019R\u2019knowledge<\/a> son ideales para el desarrollo de experimentos t\u00e9cnicos, para explicar contenidos educativos y para el desarrollo de innovaciones en el campo de la ingenier\u00eda electrot\u00e9cnica.<\/p>\n<h5>En resumen: Ventajas de Brick\u2019R\u2018knowledge<\/h5>\n<ul>\n<li>Intercambio f\u00e1cil de los componentes o cambios en el circuito existente gracias a la interconexi\u00f3n sencilla de los Bricks<\/li>\n<li>Documentaci\u00f3n sencilla y Sharing del plano de cableado correcto gracias a fotograf\u00edas del circuito.<\/li>\n<li>Sistema de conexi\u00f3n robusto por su carcasa de pl\u00e1stico que se pueden abrir y conectores hermafroditos de cuatro polos que pemiten estructuras 3D.<\/li>\n<li>Circuitos compactos gracias al retorno a tierra.<\/li>\n<li><a href=\"https:\/\/brickrknowledge.de\/es\/manuals\/\">Manuales did\u00e1cticos<\/a> y a diario <a href=\"https:\/\/brickrknowledge.de\/en\/list-projects\/\">nuevos proyectos e ideas<\/a> gracias a una comunidad en crecimiento.<\/li>\n<\/ul>\n","protected":false},"excerpt":{"rendered":"<p>Sobre Brick\u2019R\u2019knowledge Brick\u2019R\u2018knowledge es un sistema electr\u00f3nico flexible y ampliable seg\u00fan desee para aprender y ense\u00f1ar, experimentar y desarrollar. La particularidad de nuestro set electr\u00f3nico es que los diferentes Bricks se pueden interconectar f\u00e1cilmente. As\u00ed tambi\u00e9n se pueden realizar circuitos complejos de manera sencilla y r\u00e1pida. Adem\u00e1s es posible montar sin problemas los componentes en [&hellip;]<\/p>\n","protected":false},"author":2,"featured_media":0,"parent":0,"menu_order":0,"comment_status":"open","ping_status":"open","template":"page_index.php","meta":{"footnotes":""},"categories":[],"tags":[],"class_list":["post-12263","page","type-page","status-publish","hentry"],"yoast_head":"<!-- This site is optimized with the Yoast SEO plugin v23.3 - https:\/\/yoast.com\/wordpress\/plugins\/seo\/ -->\n<title>Experimentos de electr\u00f3nica para grandes &amp; peque\u00f1os - Brick&#039;R&#039;knowledge<\/title>\n<meta name=\"robots\" content=\"index, follow, max-snippet:-1, max-image-preview:large, max-video-preview:-1\" \/>\n<link rel=\"canonical\" href=\"https:\/\/forum.brickrknowledge.eu\/es\/\" \/>\n<meta property=\"og:locale\" content=\"es_ES\" \/>\n<meta property=\"og:type\" content=\"article\" \/>\n<meta property=\"og:title\" content=\"Experimentos de electr\u00f3nica para grandes &amp; peque\u00f1os - Brick&#039;R&#039;knowledge\" \/>\n<meta property=\"og:description\" content=\"Sobre Brick\u2019R\u2019knowledge Brick\u2019R\u2018knowledge es un sistema electr\u00f3nico flexible y ampliable seg\u00fan desee para aprender y ense\u00f1ar, experimentar y desarrollar. La particularidad de nuestro set electr\u00f3nico es que los diferentes Bricks se pueden interconectar f\u00e1cilmente. As\u00ed tambi\u00e9n se pueden realizar circuitos complejos de manera sencilla y r\u00e1pida. Adem\u00e1s es posible montar sin problemas los componentes en [&hellip;]\" \/>\n<meta property=\"og:url\" content=\"https:\/\/forum.brickrknowledge.eu\/es\/\" \/>\n<meta property=\"og:site_name\" content=\"Brick&#039;R&#039;knowledge\" \/>\n<meta property=\"article:publisher\" content=\"https:\/\/www.facebook.com\/BrickRknowledge\" \/>\n<meta property=\"article:modified_time\" content=\"2017-05-10T13:14:45+00:00\" \/>\n<meta name=\"twitter:card\" content=\"summary_large_image\" \/>\n<meta name=\"twitter:site\" content=\"@brickrknowledge\" \/>\n<meta name=\"twitter:label1\" content=\"Est. reading time\" \/>\n\t<meta name=\"twitter:data1\" content=\"2 minutes\" \/>\n<script type=\"application\/ld+json\" class=\"yoast-schema-graph\">{\"@context\":\"https:\/\/schema.org\",\"@graph\":[{\"@type\":\"WebPage\",\"@id\":\"https:\/\/forum.brickrknowledge.eu\/es\/\",\"url\":\"https:\/\/forum.brickrknowledge.eu\/es\/\",\"name\":\"Experimentos de electr\u00f3nica para grandes & peque\u00f1os - Brick&#039;R&#039;knowledge\",\"isPartOf\":{\"@id\":\"https:\/\/brickrknowledge.de\/zh-hans\/#website\"},\"datePublished\":\"2016-08-31T09:17:02+00:00\",\"dateModified\":\"2017-05-10T13:14:45+00:00\",\"breadcrumb\":{\"@id\":\"https:\/\/forum.brickrknowledge.eu\/es\/#breadcrumb\"},\"inLanguage\":\"es-ES\",\"potentialAction\":[{\"@type\":\"ReadAction\",\"target\":[\"https:\/\/forum.brickrknowledge.eu\/es\/\"]}]},{\"@type\":\"BreadcrumbList\",\"@id\":\"https:\/\/forum.brickrknowledge.eu\/es\/#breadcrumb\",\"itemListElement\":[{\"@type\":\"ListItem\",\"position\":1,\"name\":\"Home\",\"item\":\"https:\/\/forum.brickrknowledge.eu\/es\/\"},{\"@type\":\"ListItem\",\"position\":2,\"name\":\"Experimentos de electr\u00f3nica para grandes &#038; peque\u00f1os\"}]},{\"@type\":\"WebSite\",\"@id\":\"https:\/\/brickrknowledge.de\/zh-hans\/#website\",\"url\":\"https:\/\/brickrknowledge.de\/zh-hans\/\",\"name\":\"Brick&#039;R&#039;knowledge\",\"description\":\"\",\"potentialAction\":[{\"@type\":\"SearchAction\",\"target\":{\"@type\":\"EntryPoint\",\"urlTemplate\":\"https:\/\/brickrknowledge.de\/zh-hans\/?s={search_term_string}\"},\"query-input\":\"required name=search_term_string\"}],\"inLanguage\":\"es-ES\"}]}<\/script>\n<!-- \/ Yoast SEO plugin. -->","yoast_head_json":{"title":"Experimentos de electr\u00f3nica para grandes & peque\u00f1os - Brick&#039;R&#039;knowledge","robots":{"index":"index","follow":"follow","max-snippet":"max-snippet:-1","max-image-preview":"max-image-preview:large","max-video-preview":"max-video-preview:-1"},"canonical":"https:\/\/forum.brickrknowledge.eu\/es\/","og_locale":"es_ES","og_type":"article","og_title":"Experimentos de electr\u00f3nica para grandes & peque\u00f1os - Brick&#039;R&#039;knowledge","og_description":"Sobre Brick\u2019R\u2019knowledge Brick\u2019R\u2018knowledge es un sistema electr\u00f3nico flexible y ampliable seg\u00fan desee para aprender y ense\u00f1ar, experimentar y desarrollar. La particularidad de nuestro set electr\u00f3nico es que los diferentes Bricks se pueden interconectar f\u00e1cilmente. As\u00ed tambi\u00e9n se pueden realizar circuitos complejos de manera sencilla y r\u00e1pida. Adem\u00e1s es posible montar sin problemas los componentes en [&hellip;]","og_url":"https:\/\/forum.brickrknowledge.eu\/es\/","og_site_name":"Brick&#039;R&#039;knowledge","article_publisher":"https:\/\/www.facebook.com\/BrickRknowledge","article_modified_time":"2017-05-10T13:14:45+00:00","twitter_card":"summary_large_image","twitter_site":"@brickrknowledge","twitter_misc":{"Est. reading time":"2 minutes"},"schema":{"@context":"https:\/\/schema.org","@graph":[{"@type":"WebPage","@id":"https:\/\/forum.brickrknowledge.eu\/es\/","url":"https:\/\/forum.brickrknowledge.eu\/es\/","name":"Experimentos de electr\u00f3nica para grandes & peque\u00f1os - Brick&#039;R&#039;knowledge","isPartOf":{"@id":"https:\/\/brickrknowledge.de\/zh-hans\/#website"},"datePublished":"2016-08-31T09:17:02+00:00","dateModified":"2017-05-10T13:14:45+00:00","breadcrumb":{"@id":"https:\/\/forum.brickrknowledge.eu\/es\/#breadcrumb"},"inLanguage":"es-ES","potentialAction":[{"@type":"ReadAction","target":["https:\/\/forum.brickrknowledge.eu\/es\/"]}]},{"@type":"BreadcrumbList","@id":"https:\/\/forum.brickrknowledge.eu\/es\/#breadcrumb","itemListElement":[{"@type":"ListItem","position":1,"name":"Home","item":"https:\/\/forum.brickrknowledge.eu\/es\/"},{"@type":"ListItem","position":2,"name":"Experimentos de electr\u00f3nica para grandes &#038; peque\u00f1os"}]},{"@type":"WebSite","@id":"https:\/\/brickrknowledge.de\/zh-hans\/#website","url":"https:\/\/brickrknowledge.de\/zh-hans\/","name":"Brick&#039;R&#039;knowledge","description":"","potentialAction":[{"@type":"SearchAction","target":{"@type":"EntryPoint","urlTemplate":"https:\/\/brickrknowledge.de\/zh-hans\/?s={search_term_string}"},"query-input":"required name=search_term_string"}],"inLanguage":"es-ES"}]}},"_links":{"self":[{"href":"https:\/\/brickrknowledge.de\/es\/wp-json\/wp\/v2\/pages\/12263"}],"collection":[{"href":"https:\/\/brickrknowledge.de\/es\/wp-json\/wp\/v2\/pages"}],"about":[{"href":"https:\/\/brickrknowledge.de\/es\/wp-json\/wp\/v2\/types\/page"}],"author":[{"embeddable":true,"href":"https:\/\/brickrknowledge.de\/es\/wp-json\/wp\/v2\/users\/2"}],"replies":[{"embeddable":true,"href":"https:\/\/brickrknowledge.de\/es\/wp-json\/wp\/v2\/comments?post=12263"}],"version-history":[{"count":0,"href":"https:\/\/brickrknowledge.de\/es\/wp-json\/wp\/v2\/pages\/12263\/revisions"}],"wp:attachment":[{"href":"https:\/\/brickrknowledge.de\/es\/wp-json\/wp\/v2\/media?parent=12263"}],"wp:term":[{"taxonomy":"category","embeddable":true,"href":"https:\/\/brickrknowledge.de\/es\/wp-json\/wp\/v2\/categories?post=12263"},{"taxonomy":"post_tag","embeddable":true,"href":"https:\/\/brickrknowledge.de\/es\/wp-json\/wp\/v2\/tags?post=12263"}],"curies":[{"name":"wp","href":"https:\/\/api.w.org\/{rel}","templated":true}]}}