
{"id":10916,"date":"2015-05-22T14:22:18","date_gmt":"2015-05-22T12:22:18","guid":{"rendered":"https:\/\/www.brickrknowledge.de\/es\/about-us\/vision\/"},"modified":"2017-07-27T13:19:01","modified_gmt":"2017-07-27T11:19:01","slug":"vision","status":"publish","type":"page","link":"https:\/\/brickrknowledge.de\/es\/about-us\/vision\/","title":{"rendered":"Visi\u00f3n"},"content":{"rendered":"<p>El innovador sistema Brick\u2019R\u2019knowledge permite la introducci\u00f3n l\u00fadica a la electrot\u00e9cnica, asi como a los componentes, variables y funciones m\u00e1s importantes. El sistema tambi\u00e9n ayuda a recopilar conocimiento sobre la electr\u00f3nica y de transmitirlo con un efecto de aprendizaje a la siguiente generaci\u00f3n. Los diferentes Bricks se pueden conectar de manera muy sencilla para obtener as\u00ed soluciones individuales y hacer que temas complejos de electr\u00f3nica se puedan aprender de manera f\u00e1cil. El sistema abierto permite a\u00f1adir componentes e incluir propios Bricks para nuevos experimentos. El sistema tambi\u00e9n es apropiado para experimentos en alta frecuenia debido a eso, es unico en el mundo. Las piezas de Brick\u2019R\u2019knowledge disponen de un sistema de conexi\u00f3n muy sencillo, pero muy fiable, con el cual se pueden interconectar diferentes componentes. En funci\u00f3n del modelo, los Bricks ofrecen la posibilidad de conectar hasta cuatro componentes m\u00e1s, para as\u00ed poder desarrollar un sistema complejo y amplio. El sistema de conexi\u00f3n adopta la comunicaci\u00f3n entre los elementos individuales, as\u00ed como la conexi\u00f3n f\u00edsica. Dos de los cuatro contactos est\u00e1n reservados para la realimentaci\u00f3n de tensi\u00f3n (0V) y facilitan la creaci\u00f3n de conexiones m\u00e1s complejas. Brick\u2019R\u2019knowledge permite las dos cosas &#8211; el inicio optimizado para principiantes en el mundo de la ingenier\u00eda el\u00e9ctrica y la clarificaci\u00f3n pr\u00e1ctica de contextos t\u00e9cnicos complejos para usuarios avanzados. No importa ser principiante o profesional, el sistema siempre funciona seg\u00fan el mismo principio. Los diferentes Bricks se complementan perfectamente en sus funciones, por lo que son adecuados para la realizaci\u00f3n de proyectos individuales. El Set se puede utilizar para explicar los conceptos b\u00e1sicos de la electr\u00f3nica en un colegio primario, as\u00ed como para proyectos complejos de estudiantes universitarios, ya que se adapta sin problemas a los diferentes requerimientos de conocimiento del usuario.<\/p>\n","protected":false},"excerpt":{"rendered":"<p>El innovador sistema Brick\u2019R\u2019knowledge permite la introducci\u00f3n l\u00fadica a la electrot\u00e9cnica, asi como a los componentes, variables y funciones m\u00e1s importantes. El sistema tambi\u00e9n ayuda a recopilar conocimiento sobre la electr\u00f3nica y de transmitirlo con un efecto de aprendizaje a la siguiente generaci\u00f3n. Los diferentes Bricks se pueden conectar de manera muy sencilla para obtener [&hellip;]<\/p>\n","protected":false},"author":1,"featured_media":0,"parent":10915,"menu_order":0,"comment_status":"closed","ping_status":"closed","template":"","meta":{"footnotes":""},"categories":[],"tags":[],"class_list":["post-10916","page","type-page","status-publish","hentry"],"yoast_head":"<!-- This site is optimized with the Yoast SEO plugin v23.3 - https:\/\/yoast.com\/wordpress\/plugins\/seo\/ -->\n<title>Visi\u00f3n - Brick&#039;R&#039;knowledge<\/title>\n<meta name=\"robots\" content=\"index, follow, max-snippet:-1, max-image-preview:large, max-video-preview:-1\" \/>\n<link rel=\"canonical\" href=\"https:\/\/brickrknowledge.de\/es\/about-us\/vision\/\" \/>\n<meta property=\"og:locale\" content=\"es_ES\" \/>\n<meta property=\"og:type\" content=\"article\" \/>\n<meta property=\"og:title\" content=\"Visi\u00f3n - Brick&#039;R&#039;knowledge\" \/>\n<meta property=\"og:description\" content=\"El innovador sistema Brick\u2019R\u2019knowledge permite la introducci\u00f3n l\u00fadica a la electrot\u00e9cnica, asi como a los componentes, variables y funciones m\u00e1s importantes. El sistema tambi\u00e9n ayuda a recopilar conocimiento sobre la electr\u00f3nica y de transmitirlo con un efecto de aprendizaje a la siguiente generaci\u00f3n. Los diferentes Bricks se pueden conectar de manera muy sencilla para obtener [&hellip;]\" \/>\n<meta property=\"og:url\" content=\"https:\/\/brickrknowledge.de\/es\/about-us\/vision\/\" \/>\n<meta property=\"og:site_name\" content=\"Brick&#039;R&#039;knowledge\" \/>\n<meta property=\"article:publisher\" content=\"https:\/\/www.facebook.com\/BrickRknowledge\" \/>\n<meta property=\"article:modified_time\" content=\"2017-07-27T11:19:01+00:00\" \/>\n<meta name=\"twitter:card\" content=\"summary_large_image\" \/>\n<meta name=\"twitter:site\" content=\"@brickrknowledge\" \/>\n<meta name=\"twitter:label1\" content=\"Est. reading time\" \/>\n\t<meta name=\"twitter:data1\" content=\"2 minutes\" \/>\n<script type=\"application\/ld+json\" class=\"yoast-schema-graph\">{\"@context\":\"https:\/\/schema.org\",\"@graph\":[{\"@type\":\"WebPage\",\"@id\":\"https:\/\/brickrknowledge.de\/es\/about-us\/vision\/\",\"url\":\"https:\/\/brickrknowledge.de\/es\/about-us\/vision\/\",\"name\":\"Visi\u00f3n - Brick&#039;R&#039;knowledge\",\"isPartOf\":{\"@id\":\"https:\/\/brickrknowledge.com\/it\/#website\"},\"datePublished\":\"2015-05-22T12:22:18+00:00\",\"dateModified\":\"2017-07-27T11:19:01+00:00\",\"breadcrumb\":{\"@id\":\"https:\/\/brickrknowledge.de\/es\/about-us\/vision\/#breadcrumb\"},\"inLanguage\":\"es-ES\",\"potentialAction\":[{\"@type\":\"ReadAction\",\"target\":[\"https:\/\/brickrknowledge.de\/es\/about-us\/vision\/\"]}]},{\"@type\":\"BreadcrumbList\",\"@id\":\"https:\/\/brickrknowledge.de\/es\/about-us\/vision\/#breadcrumb\",\"itemListElement\":[{\"@type\":\"ListItem\",\"position\":1,\"name\":\"Home\",\"item\":\"https:\/\/wiki.brickrknowledge.eu\/es\/\"},{\"@type\":\"ListItem\",\"position\":2,\"name\":\"Sobre nosotros\",\"item\":\"https:\/\/www.brickrknowledge.de\/es\/about-us\/\"},{\"@type\":\"ListItem\",\"position\":3,\"name\":\"Visi\u00f3n\"}]},{\"@type\":\"WebSite\",\"@id\":\"https:\/\/brickrknowledge.com\/it\/#website\",\"url\":\"https:\/\/brickrknowledge.com\/it\/\",\"name\":\"Brick&#039;R&#039;knowledge\",\"description\":\"\",\"potentialAction\":[{\"@type\":\"SearchAction\",\"target\":{\"@type\":\"EntryPoint\",\"urlTemplate\":\"https:\/\/brickrknowledge.com\/it\/?s={search_term_string}\"},\"query-input\":\"required name=search_term_string\"}],\"inLanguage\":\"es-ES\"}]}<\/script>\n<!-- \/ Yoast SEO plugin. -->","yoast_head_json":{"title":"Visi\u00f3n - Brick&#039;R&#039;knowledge","robots":{"index":"index","follow":"follow","max-snippet":"max-snippet:-1","max-image-preview":"max-image-preview:large","max-video-preview":"max-video-preview:-1"},"canonical":"https:\/\/brickrknowledge.de\/es\/about-us\/vision\/","og_locale":"es_ES","og_type":"article","og_title":"Visi\u00f3n - Brick&#039;R&#039;knowledge","og_description":"El innovador sistema Brick\u2019R\u2019knowledge permite la introducci\u00f3n l\u00fadica a la electrot\u00e9cnica, asi como a los componentes, variables y funciones m\u00e1s importantes. El sistema tambi\u00e9n ayuda a recopilar conocimiento sobre la electr\u00f3nica y de transmitirlo con un efecto de aprendizaje a la siguiente generaci\u00f3n. Los diferentes Bricks se pueden conectar de manera muy sencilla para obtener [&hellip;]","og_url":"https:\/\/brickrknowledge.de\/es\/about-us\/vision\/","og_site_name":"Brick&#039;R&#039;knowledge","article_publisher":"https:\/\/www.facebook.com\/BrickRknowledge","article_modified_time":"2017-07-27T11:19:01+00:00","twitter_card":"summary_large_image","twitter_site":"@brickrknowledge","twitter_misc":{"Est. reading time":"2 minutes"},"schema":{"@context":"https:\/\/schema.org","@graph":[{"@type":"WebPage","@id":"https:\/\/brickrknowledge.de\/es\/about-us\/vision\/","url":"https:\/\/brickrknowledge.de\/es\/about-us\/vision\/","name":"Visi\u00f3n - Brick&#039;R&#039;knowledge","isPartOf":{"@id":"https:\/\/brickrknowledge.com\/it\/#website"},"datePublished":"2015-05-22T12:22:18+00:00","dateModified":"2017-07-27T11:19:01+00:00","breadcrumb":{"@id":"https:\/\/brickrknowledge.de\/es\/about-us\/vision\/#breadcrumb"},"inLanguage":"es-ES","potentialAction":[{"@type":"ReadAction","target":["https:\/\/brickrknowledge.de\/es\/about-us\/vision\/"]}]},{"@type":"BreadcrumbList","@id":"https:\/\/brickrknowledge.de\/es\/about-us\/vision\/#breadcrumb","itemListElement":[{"@type":"ListItem","position":1,"name":"Home","item":"https:\/\/wiki.brickrknowledge.eu\/es\/"},{"@type":"ListItem","position":2,"name":"Sobre nosotros","item":"https:\/\/www.brickrknowledge.de\/es\/about-us\/"},{"@type":"ListItem","position":3,"name":"Visi\u00f3n"}]},{"@type":"WebSite","@id":"https:\/\/brickrknowledge.com\/it\/#website","url":"https:\/\/brickrknowledge.com\/it\/","name":"Brick&#039;R&#039;knowledge","description":"","potentialAction":[{"@type":"SearchAction","target":{"@type":"EntryPoint","urlTemplate":"https:\/\/brickrknowledge.com\/it\/?s={search_term_string}"},"query-input":"required name=search_term_string"}],"inLanguage":"es-ES"}]}},"_links":{"self":[{"href":"https:\/\/brickrknowledge.de\/es\/wp-json\/wp\/v2\/pages\/10916"}],"collection":[{"href":"https:\/\/brickrknowledge.de\/es\/wp-json\/wp\/v2\/pages"}],"about":[{"href":"https:\/\/brickrknowledge.de\/es\/wp-json\/wp\/v2\/types\/page"}],"author":[{"embeddable":true,"href":"https:\/\/brickrknowledge.de\/es\/wp-json\/wp\/v2\/users\/1"}],"replies":[{"embeddable":true,"href":"https:\/\/brickrknowledge.de\/es\/wp-json\/wp\/v2\/comments?post=10916"}],"version-history":[{"count":0,"href":"https:\/\/brickrknowledge.de\/es\/wp-json\/wp\/v2\/pages\/10916\/revisions"}],"up":[{"embeddable":true,"href":"https:\/\/brickrknowledge.de\/es\/wp-json\/wp\/v2\/pages\/10915"}],"wp:attachment":[{"href":"https:\/\/brickrknowledge.de\/es\/wp-json\/wp\/v2\/media?parent=10916"}],"wp:term":[{"taxonomy":"category","embeddable":true,"href":"https:\/\/brickrknowledge.de\/es\/wp-json\/wp\/v2\/categories?post=10916"},{"taxonomy":"post_tag","embeddable":true,"href":"https:\/\/brickrknowledge.de\/es\/wp-json\/wp\/v2\/tags?post=10916"}],"curies":[{"name":"wp","href":"https:\/\/api.w.org\/{rel}","templated":true}]}}